{"id":110,"date":"2016-05-30T19:39:11","date_gmt":"2016-05-30T17:39:11","guid":{"rendered":"http:\/\/rote-funken-neunkirchen.de\/?page_id=110"},"modified":"2026-02-12T13:50:44","modified_gmt":"2026-02-12T12:50:44","slug":"fanfarenzug","status":"publish","type":"page","link":"https:\/\/rote-funken-neunkirchen.de\/?page_id=110","title":{"rendered":"Fanfarenzug"},"content":{"rendered":"<table style=\"border-collapse: collapse; width: 100%; height: 126px;\">\n<tbody>\n<tr style=\"height: 18px;\">\n<td style=\"width: 50%; height: 18px;\"><strong>Luca Joel Antes<\/strong><\/td>\n<td style=\"width: 50%; height: 18px;\"><strong>Joshua H\u00fcster<\/strong><\/td>\n<\/tr>\n<tr style=\"height: 18px;\">\n<td style=\"width: 50%; height: 18px;\"><strong>Mia Antes<\/strong><\/td>\n<td style=\"width: 50%; height: 18px;\"><strong>Lee-Ann Mohr<\/strong><\/td>\n<\/tr>\n<tr style=\"height: 18px;\">\n<td style=\"width: 50%; height: 18px;\"><strong>Eva-Maria Forster<\/strong><\/td>\n<td style=\"width: 50%; height: 18px;\"><strong>Ulrike Schneider<\/strong><\/td>\n<\/tr>\n<tr style=\"height: 18px;\">\n<td style=\"width: 50%; height: 18px;\"><strong>Katrin G\u00f6tze<\/strong><\/td>\n<td style=\"width: 50%; height: 18px;\"><strong>Christine Schu<\/strong><\/td>\n<\/tr>\n<tr style=\"height: 18px;\">\n<td style=\"width: 50%; height: 18px;\"><strong>Patrick Hermann<\/strong><\/td>\n<td style=\"width: 50%; height: 18px;\"><strong>Josh Sieren<\/strong><\/td>\n<\/tr>\n<tr style=\"height: 18px;\">\n<td style=\"width: 50%; height: 18px;\"><strong>Alexander H\u00fcster<\/strong><\/td>\n<td style=\"width: 50%; height: 18px;\"><strong>Fynn-Noah Weber<\/strong><\/td>\n<\/tr>\n<tr style=\"height: 18px;\">\n<td style=\"width: 50%; height: 18px;\"><strong>Jessica H\u00fcster<\/strong><\/td>\n<td style=\"width: 50%; height: 18px;\"><strong>Silke Weber<\/strong><\/td>\n<\/tr>\n<\/tbody>\n<\/table>\n<p>Der Fanfarenzug der Rote Funken, unter der Leitung von <strong>Eva-Maria<\/strong><br \/><strong>Forster<\/strong> und <strong>Christine Schu<\/strong>, probt jede Woche freitags von 18:30 Uhr bis 19:30 Uhr im Funkenheim in der Zweibr\u00fccker Stra\u00dfe 23 in Neunkirchen.<br \/>Wer schon immer mal Lust und Interesse hatte, ein Instrument zu spielen, ist hier genau richtig. Die Truppe freut sich auf motivierte und gut gelaunte Fanfarenspieler\/innen oder Trommler\/innen ab 7 Jahren.<\/p>\n<p style=\"text-align: center;\">\u00a0<\/p>\n\n\n<figure class=\"wp-block-image size-large\"><img loading=\"lazy\" decoding=\"async\" width=\"1024\" height=\"597\" src=\"http:\/\/rote-funken-neunkirchen.de\/wp-content\/uploads\/2026\/01\/202511_Rotefunken_vereinsheft_148x210_BEL-124-1024x597.jpg\" alt=\"\" class=\"wp-image-1775\" srcset=\"https:\/\/rote-funken-neunkirchen.de\/wp-content\/uploads\/2026\/01\/202511_Rotefunken_vereinsheft_148x210_BEL-124-1024x597.jpg 1024w, https:\/\/rote-funken-neunkirchen.de\/wp-content\/uploads\/2026\/01\/202511_Rotefunken_vereinsheft_148x210_BEL-124-300x175.jpg 300w, https:\/\/rote-funken-neunkirchen.de\/wp-content\/uploads\/2026\/01\/202511_Rotefunken_vereinsheft_148x210_BEL-124-768x448.jpg 768w, https:\/\/rote-funken-neunkirchen.de\/wp-content\/uploads\/2026\/01\/202511_Rotefunken_vereinsheft_148x210_BEL-124.jpg 1389w\" sizes=\"(max-width: 1024px) 100vw, 1024px\" \/><\/figure>\n","protected":false},"excerpt":{"rendered":"<p>Luca Joel Antes Joshua H\u00fcster Mia Antes Lee-Ann Mohr Eva-Maria Forster Ulrike Schneider Katrin G\u00f6tze Christine Schu Patrick Hermann Josh Sieren Alexander H\u00fcster Fynn-Noah Weber Jessica H\u00fcster Silke Weber Der Fanfarenzug der Rote Funken, unter der Leitung von Eva-MariaForster und Christine Schu, probt jede Woche freitags von 18:30 Uhr bis 19:30 Uhr im Funkenheim in &hellip; <a href=\"https:\/\/rote-funken-neunkirchen.de\/?page_id=110\" class=\"more-link\"><span class=\"screen-reader-text\">Fanfarenzug<\/span> weiterlesen <span class=\"meta-nav\">&rarr;<\/span><\/a><\/p>\n","protected":false},"author":1,"featured_media":0,"parent":83,"menu_order":0,"comment_status":"closed","ping_status":"closed","template":"","meta":{"footnotes":""},"_links":{"self":[{"href":"https:\/\/rote-funken-neunkirchen.de\/index.php?rest_route=\/wp\/v2\/pages\/110"}],"collection":[{"href":"https:\/\/rote-funken-neunkirchen.de\/index.php?rest_route=\/wp\/v2\/pages"}],"about":[{"href":"https:\/\/rote-funken-neunkirchen.de\/index.php?rest_route=\/wp\/v2\/types\/page"}],"author":[{"embeddable":true,"href":"https:\/\/rote-funken-neunkirchen.de\/index.php?rest_route=\/wp\/v2\/users\/1"}],"replies":[{"embeddable":true,"href":"https:\/\/rote-funken-neunkirchen.de\/index.php?rest_route=%2Fwp%2Fv2%2Fcomments&post=110"}],"version-history":[{"count":26,"href":"https:\/\/rote-funken-neunkirchen.de\/index.php?rest_route=\/wp\/v2\/pages\/110\/revisions"}],"predecessor-version":[{"id":1821,"href":"https:\/\/rote-funken-neunkirchen.de\/index.php?rest_route=\/wp\/v2\/pages\/110\/revisions\/1821"}],"up":[{"embeddable":true,"href":"https:\/\/rote-funken-neunkirchen.de\/index.php?rest_route=\/wp\/v2\/pages\/83"}],"wp:attachment":[{"href":"https:\/\/rote-funken-neunkirchen.de\/index.php?rest_route=%2Fwp%2Fv2%2Fmedia&parent=110"}],"curies":[{"name":"wp","href":"https:\/\/api.w.org\/{rel}","templated":true}]}}