{"id":124,"date":"2016-05-30T19:53:43","date_gmt":"2016-05-30T17:53:43","guid":{"rendered":"http:\/\/rote-funken-neunkirchen.de\/?page_id=124"},"modified":"2026-02-12T13:50:08","modified_gmt":"2026-02-12T12:50:08","slug":"aktiven-schautanz","status":"publish","type":"page","link":"https:\/\/rote-funken-neunkirchen.de\/?page_id=124","title":{"rendered":"Aktiven-Schautanzgruppe"},"content":{"rendered":"<table style=\"border-collapse: collapse; width: 100%; height: 216px;\">\n<tbody>\n<tr style=\"height: 18px;\">\n<td style=\"width: 50%; height: 18px;\"><strong>Lea Bies<\/strong><\/td>\n<td style=\"width: 50%; height: 18px;\"><strong>Floris Neu<\/strong><\/td>\n<\/tr>\n<tr style=\"height: 18px;\">\n<td style=\"width: 50%; height: 18px;\"><strong>Matthias Clemens<\/strong><\/td>\n<td style=\"width: 50%; height: 18px;\"><strong>Leonie Neu<\/strong><\/td>\n<\/tr>\n<tr style=\"height: 18px;\">\n<td style=\"width: 50%; height: 18px;\"><strong>Marie Decker<\/strong><\/td>\n<td style=\"width: 50%; height: 18px;\"><strong>Luisa-Marie Schwender<\/strong><\/td>\n<\/tr>\n<tr style=\"height: 18px;\">\n<td style=\"width: 50%; height: 18px;\"><strong>Samira Edelmann<\/strong><\/td>\n<td style=\"width: 50%; height: 18px;\"><strong>Dana Lucija Simunovic<\/strong><\/td>\n<\/tr>\n<tr style=\"height: 18px;\">\n<td style=\"width: 50%; height: 18px;\"><strong>Virginia Edelmann<\/strong><\/td>\n<td style=\"width: 50%; height: 18px;\"><strong>Anne Sutter<\/strong><\/td>\n<\/tr>\n<tr style=\"height: 18px;\">\n<td style=\"width: 50%; height: 18px;\"><strong>Jessica Franz<\/strong><\/td>\n<td style=\"width: 50%; height: 18px;\"><strong>Alina Tahiraj<\/strong><\/td>\n<\/tr>\n<tr style=\"height: 18px;\">\n<td style=\"width: 50%; height: 18px;\"><strong>Sven Jung<\/strong><\/td>\n<td style=\"width: 50%; height: 18px;\"><strong>Aline Wachter<\/strong><\/td>\n<\/tr>\n<tr style=\"height: 18px;\">\n<td style=\"width: 50%; height: 18px;\"><strong>Lea-Marie Kohl<\/strong><\/td>\n<td style=\"width: 50%; height: 18px;\"><strong>Jonas Weber<\/strong><\/td>\n<\/tr>\n<tr style=\"height: 18px;\">\n<td style=\"width: 50%; height: 18px;\"><strong>Katharina Lovi<\/strong><\/td>\n<td style=\"width: 50%; height: 18px;\"><strong>Justine Weber<\/strong><\/td>\n<\/tr>\n<tr style=\"height: 18px;\">\n<td style=\"width: 50%; height: 18px;\"><strong>Lara-Marie May<\/strong><\/td>\n<td style=\"width: 50%; height: 18px;\"><strong>Marie-Christin Weil<\/strong><\/td>\n<\/tr>\n<tr style=\"height: 18px;\">\n<td style=\"width: 50%; height: 18px;\"><strong>Jo\u00eblle Mohr<\/strong><\/td>\n<td style=\"width: 50%; height: 18px;\"><strong>Solea-Michelle Weil<\/strong><\/td>\n<\/tr>\n<tr style=\"height: 18px;\">\n<td style=\"width: 50%; height: 18px;\"><strong>Lee-Ann Mohr<\/strong><\/td>\n<td style=\"width: 50%; height: 18px;\">\u00a0<\/td>\n<\/tr>\n<\/tbody>\n<\/table>\n<p style=\"text-align: left;\">Und 5,6,7,8! So hei\u00dft es jeden Mittwoch im Training des Aktivenschautanz. Du bist mindestens 15 Jahre alt und liebst Musik, Bewegung und Spa\u00df in der Gruppe? Ob Anf\u00e4nger oder Tanz erfahren, schau gerne im Training unserer M\u00e4dels und Jungs vorbei und werde Teil unseres Teams!<br \/>Ort: Turnhalle des Gymnasiums am Steinwald, Am M\u00e4dchengymnasium 9, 66538 Neunkirchen. Trainingszeit: Mittwochs 18:30-21:00 Uhr.<br \/>Trainerinnen: <strong>Anne Sutter<\/strong> und <strong>Aline Wachter<\/strong>.<\/p>\n\n\n<figure class=\"wp-block-image size-large\"><img loading=\"lazy\" decoding=\"async\" width=\"1024\" height=\"579\" src=\"https:\/\/rote-funken-neunkirchen.de\/wp-content\/uploads\/2026\/01\/202511_Rotefunken_vereinsheft_148x210_BEL-108-1024x579.jpg\" alt=\"\" class=\"wp-image-1736\" srcset=\"https:\/\/rote-funken-neunkirchen.de\/wp-content\/uploads\/2026\/01\/202511_Rotefunken_vereinsheft_148x210_BEL-108-1024x579.jpg 1024w, https:\/\/rote-funken-neunkirchen.de\/wp-content\/uploads\/2026\/01\/202511_Rotefunken_vereinsheft_148x210_BEL-108-300x170.jpg 300w, https:\/\/rote-funken-neunkirchen.de\/wp-content\/uploads\/2026\/01\/202511_Rotefunken_vereinsheft_148x210_BEL-108-768x434.jpg 768w, https:\/\/rote-funken-neunkirchen.de\/wp-content\/uploads\/2026\/01\/202511_Rotefunken_vereinsheft_148x210_BEL-108.jpg 1389w\" sizes=\"(max-width: 1024px) 100vw, 1024px\" \/><\/figure>\n","protected":false},"excerpt":{"rendered":"<p>Lea Bies Floris Neu Matthias Clemens Leonie Neu Marie Decker Luisa-Marie Schwender Samira Edelmann Dana Lucija Simunovic Virginia Edelmann Anne Sutter Jessica Franz Alina Tahiraj Sven Jung Aline Wachter Lea-Marie Kohl Jonas Weber Katharina Lovi Justine Weber Lara-Marie May Marie-Christin Weil Jo\u00eblle Mohr Solea-Michelle Weil Lee-Ann Mohr \u00a0 Und 5,6,7,8! So hei\u00dft es jeden Mittwoch &hellip; <a href=\"https:\/\/rote-funken-neunkirchen.de\/?page_id=124\" class=\"more-link\"><span class=\"screen-reader-text\">Aktiven-Schautanzgruppe<\/span> weiterlesen <span class=\"meta-nav\">&rarr;<\/span><\/a><\/p>\n","protected":false},"author":1,"featured_media":0,"parent":83,"menu_order":0,"comment_status":"closed","ping_status":"closed","template":"","meta":{"footnotes":""},"_links":{"self":[{"href":"https:\/\/rote-funken-neunkirchen.de\/index.php?rest_route=\/wp\/v2\/pages\/124"}],"collection":[{"href":"https:\/\/rote-funken-neunkirchen.de\/index.php?rest_route=\/wp\/v2\/pages"}],"about":[{"href":"https:\/\/rote-funken-neunkirchen.de\/index.php?rest_route=\/wp\/v2\/types\/page"}],"author":[{"embeddable":true,"href":"https:\/\/rote-funken-neunkirchen.de\/index.php?rest_route=\/wp\/v2\/users\/1"}],"replies":[{"embeddable":true,"href":"https:\/\/rote-funken-neunkirchen.de\/index.php?rest_route=%2Fwp%2Fv2%2Fcomments&post=124"}],"version-history":[{"count":21,"href":"https:\/\/rote-funken-neunkirchen.de\/index.php?rest_route=\/wp\/v2\/pages\/124\/revisions"}],"predecessor-version":[{"id":1820,"href":"https:\/\/rote-funken-neunkirchen.de\/index.php?rest_route=\/wp\/v2\/pages\/124\/revisions\/1820"}],"up":[{"embeddable":true,"href":"https:\/\/rote-funken-neunkirchen.de\/index.php?rest_route=\/wp\/v2\/pages\/83"}],"wp:attachment":[{"href":"https:\/\/rote-funken-neunkirchen.de\/index.php?rest_route=%2Fwp%2Fv2%2Fmedia&parent=124"}],"curies":[{"name":"wp","href":"https:\/\/api.w.org\/{rel}","templated":true}]}}