{"id":163,"date":"2016-06-01T19:35:22","date_gmt":"2016-06-01T17:35:22","guid":{"rendered":"http:\/\/rote-funken-neunkirchen.de\/?page_id=163"},"modified":"2026-02-12T13:52:45","modified_gmt":"2026-02-12T12:52:45","slug":"orga-team","status":"publish","type":"page","link":"https:\/\/rote-funken-neunkirchen.de\/?page_id=163","title":{"rendered":"Orga-Team"},"content":{"rendered":"<p style=\"text-align: center;\"><strong>Orga-Team<\/strong><\/p>\n<p style=\"text-align: center;\">Josh Sieren Stv. Orga-Leitung<\/p>\n<p style=\"text-align: center;\">Jan Antes<br \/>\nSarah Antes<br \/>\nPascal Bauer<br \/>\nOliver Gerber<br \/>\nHeinz Gerwald<br \/>\nMichael Gerwald<br \/>\nBirgit Histel<br \/>\nMonya Histel<br \/>\nVolker Kohl<br \/>\nInes May<br \/>\nMarco Merten<br \/>\nDieter M\u00fcller<br \/>\nJ\u00f6rg M\u00fcller<br \/>\nNina M\u00fcller<br \/>\nPeter Rausch<br \/>\nJosh Sieren<br \/>\nChristoph Weber<br \/>\nMarkus Wier<br \/>\nEva Zimmer<\/p>\n<p style=\"text-align: center;\"><strong>Team Kuchentheke<\/strong><\/p>\n<p style=\"text-align: center;\">Monika Dinger<br \/>\nMonika M\u00fcller<br \/>\nMeike Dinger<br \/>\nDieter M\u00fcller<\/p>\n<p style=\"text-align: center;\"><strong>Grillteam Rosenmontag<\/strong><\/p>\n<p style=\"text-align: center;\">Dieter Kurz<br \/>\nThomas Schneider<br \/>\nArno Schwirz<\/p>\n","protected":false},"excerpt":{"rendered":"<p>Orga-Team Josh Sieren Stv. Orga-Leitung Jan Antes Sarah Antes Pascal Bauer Oliver Gerber Heinz Gerwald Michael Gerwald Birgit Histel Monya Histel Volker Kohl Ines May Marco Merten Dieter M\u00fcller J\u00f6rg M\u00fcller Nina M\u00fcller Peter Rausch Josh Sieren Christoph Weber Markus Wier Eva Zimmer Team Kuchentheke Monika Dinger Monika M\u00fcller Meike Dinger Dieter M\u00fcller Grillteam Rosenmontag &hellip; <a href=\"https:\/\/rote-funken-neunkirchen.de\/?page_id=163\" class=\"more-link\"><span class=\"screen-reader-text\">Orga-Team<\/span> weiterlesen <span class=\"meta-nav\">&rarr;<\/span><\/a><\/p>\n","protected":false},"author":1,"featured_media":0,"parent":83,"menu_order":0,"comment_status":"closed","ping_status":"closed","template":"","meta":{"footnotes":""},"_links":{"self":[{"href":"https:\/\/rote-funken-neunkirchen.de\/index.php?rest_route=\/wp\/v2\/pages\/163"}],"collection":[{"href":"https:\/\/rote-funken-neunkirchen.de\/index.php?rest_route=\/wp\/v2\/pages"}],"about":[{"href":"https:\/\/rote-funken-neunkirchen.de\/index.php?rest_route=\/wp\/v2\/types\/page"}],"author":[{"embeddable":true,"href":"https:\/\/rote-funken-neunkirchen.de\/index.php?rest_route=\/wp\/v2\/users\/1"}],"replies":[{"embeddable":true,"href":"https:\/\/rote-funken-neunkirchen.de\/index.php?rest_route=%2Fwp%2Fv2%2Fcomments&post=163"}],"version-history":[{"count":11,"href":"https:\/\/rote-funken-neunkirchen.de\/index.php?rest_route=\/wp\/v2\/pages\/163\/revisions"}],"predecessor-version":[{"id":1522,"href":"https:\/\/rote-funken-neunkirchen.de\/index.php?rest_route=\/wp\/v2\/pages\/163\/revisions\/1522"}],"up":[{"embeddable":true,"href":"https:\/\/rote-funken-neunkirchen.de\/index.php?rest_route=\/wp\/v2\/pages\/83"}],"wp:attachment":[{"href":"https:\/\/rote-funken-neunkirchen.de\/index.php?rest_route=%2Fwp%2Fv2%2Fmedia&parent=163"}],"curies":[{"name":"wp","href":"https:\/\/api.w.org\/{rel}","templated":true}]}}