{"id":209,"date":"2016-06-04T17:21:34","date_gmt":"2016-06-04T15:21:34","guid":{"rendered":"http:\/\/rote-funken-neunkirchen.de\/?page_id=209"},"modified":"2026-02-12T13:50:25","modified_gmt":"2026-02-12T12:50:25","slug":"buettenredner-saenger","status":"publish","type":"page","link":"https:\/\/rote-funken-neunkirchen.de\/?page_id=209","title":{"rendered":"B\u00fcttenredner"},"content":{"rendered":"<p style=\"text-align: center;\"><strong>B\u00fcttenredner<\/strong><\/p>\n<p style=\"text-align: center;\">Michael Schley<\/p>\n<p style=\"text-align: center;\">Ralf Ramm<\/p>\n<p style=\"text-align: center;\">Michael Gerwald<\/p>\n<p style=\"text-align: center;\">Josh Sieren<\/p>\n<p style=\"text-align: center;\">Ute Wilms<\/p>\n<p style=\"text-align: center;\">Gertud Wier<\/p>\n<p style=\"text-align: center;\"><strong>B\u00fcttens\u00e4nger<\/strong><\/p>\n\n\n<p class=\"has-text-align-center\">Eva-Maria Forster<br><br>Luisa-Marie Schwender<br><\/p>\n\n\n\n<p><\/p>\n\n\n\n<p><\/p>\n\n\n\n<p class=\"has-text-align-center\"><strong>B\u00fctten-DJ<\/strong><\/p>\n\n\n\n<p class=\"has-text-align-center\">Andreas M\u00fcller<\/p>\n","protected":false},"excerpt":{"rendered":"<p>B\u00fcttenredner Michael Schley Ralf Ramm Michael Gerwald Josh Sieren Ute Wilms Gertud Wier B\u00fcttens\u00e4nger Eva-Maria Forster Luisa-Marie Schwender B\u00fctten-DJ Andreas M\u00fcller<\/p>\n","protected":false},"author":1,"featured_media":0,"parent":83,"menu_order":0,"comment_status":"closed","ping_status":"closed","template":"","meta":{"footnotes":""},"_links":{"self":[{"href":"https:\/\/rote-funken-neunkirchen.de\/index.php?rest_route=\/wp\/v2\/pages\/209"}],"collection":[{"href":"https:\/\/rote-funken-neunkirchen.de\/index.php?rest_route=\/wp\/v2\/pages"}],"about":[{"href":"https:\/\/rote-funken-neunkirchen.de\/index.php?rest_route=\/wp\/v2\/types\/page"}],"author":[{"embeddable":true,"href":"https:\/\/rote-funken-neunkirchen.de\/index.php?rest_route=\/wp\/v2\/users\/1"}],"replies":[{"embeddable":true,"href":"https:\/\/rote-funken-neunkirchen.de\/index.php?rest_route=%2Fwp%2Fv2%2Fcomments&post=209"}],"version-history":[{"count":12,"href":"https:\/\/rote-funken-neunkirchen.de\/index.php?rest_route=\/wp\/v2\/pages\/209\/revisions"}],"predecessor-version":[{"id":1814,"href":"https:\/\/rote-funken-neunkirchen.de\/index.php?rest_route=\/wp\/v2\/pages\/209\/revisions\/1814"}],"up":[{"embeddable":true,"href":"https:\/\/rote-funken-neunkirchen.de\/index.php?rest_route=\/wp\/v2\/pages\/83"}],"wp:attachment":[{"href":"https:\/\/rote-funken-neunkirchen.de\/index.php?rest_route=%2Fwp%2Fv2%2Fmedia&parent=209"}],"curies":[{"name":"wp","href":"https:\/\/api.w.org\/{rel}","templated":true}]}}