{"id":225,"date":"2016-06-04T18:22:20","date_gmt":"2016-06-04T16:22:20","guid":{"rendered":"http:\/\/rote-funken-neunkirchen.de\/?page_id=225"},"modified":"2026-02-12T13:52:33","modified_gmt":"2026-02-12T12:52:33","slug":"naehkreis","status":"publish","type":"page","link":"https:\/\/rote-funken-neunkirchen.de\/?page_id=225","title":{"rendered":"N\u00e4hkreis"},"content":{"rendered":"<p>Unser N\u00e4hkreis trifft sich jeden Donnerstag um 18:00 Uhr unter der Leitung von <strong>Ines May<\/strong> in unserem Funkenheim in der Zweibr\u00fccker Stra\u00dfe 23 in Neunkirchen.<\/p>\n<p><img loading=\"lazy\" decoding=\"async\" class=\"alignnone size-full wp-image-1105\" src=\"http:\/\/rote-funken-neunkirchen.de\/wp-content\/uploads\/2018\/02\/Unbenannt-1.png\" alt=\"\" width=\"480\" height=\"302\" srcset=\"https:\/\/rote-funken-neunkirchen.de\/wp-content\/uploads\/2018\/02\/Unbenannt-1.png 480w, https:\/\/rote-funken-neunkirchen.de\/wp-content\/uploads\/2018\/02\/Unbenannt-1-300x189.png 300w\" sizes=\"(max-width: 480px) 100vw, 480px\" \/><\/p>\n<p>Hier wird daf\u00fcr gesorgt, dass unsere Garden und Schautanzgruppen immer mit Uniformen und tollen Kost\u00fcmen versorgt sind. Unser N\u00e4hkreis freut sich sehr auf weitere helfende H\u00e4nde<\/p>\n","protected":false},"excerpt":{"rendered":"<p>Unser N\u00e4hkreis trifft sich jeden Donnerstag um 18:00 Uhr unter der Leitung von Ines May in unserem Funkenheim in der Zweibr\u00fccker Stra\u00dfe 23 in Neunkirchen. Hier wird daf\u00fcr gesorgt, dass unsere Garden und Schautanzgruppen immer mit Uniformen und tollen Kost\u00fcmen versorgt sind. Unser N\u00e4hkreis freut sich sehr auf weitere helfende H\u00e4nde<\/p>\n","protected":false},"author":1,"featured_media":0,"parent":83,"menu_order":0,"comment_status":"closed","ping_status":"closed","template":"","meta":{"footnotes":""},"_links":{"self":[{"href":"https:\/\/rote-funken-neunkirchen.de\/index.php?rest_route=\/wp\/v2\/pages\/225"}],"collection":[{"href":"https:\/\/rote-funken-neunkirchen.de\/index.php?rest_route=\/wp\/v2\/pages"}],"about":[{"href":"https:\/\/rote-funken-neunkirchen.de\/index.php?rest_route=\/wp\/v2\/types\/page"}],"author":[{"embeddable":true,"href":"https:\/\/rote-funken-neunkirchen.de\/index.php?rest_route=\/wp\/v2\/users\/1"}],"replies":[{"embeddable":true,"href":"https:\/\/rote-funken-neunkirchen.de\/index.php?rest_route=%2Fwp%2Fv2%2Fcomments&post=225"}],"version-history":[{"count":9,"href":"https:\/\/rote-funken-neunkirchen.de\/index.php?rest_route=\/wp\/v2\/pages\/225\/revisions"}],"predecessor-version":[{"id":1295,"href":"https:\/\/rote-funken-neunkirchen.de\/index.php?rest_route=\/wp\/v2\/pages\/225\/revisions\/1295"}],"up":[{"embeddable":true,"href":"https:\/\/rote-funken-neunkirchen.de\/index.php?rest_route=\/wp\/v2\/pages\/83"}],"wp:attachment":[{"href":"https:\/\/rote-funken-neunkirchen.de\/index.php?rest_route=%2Fwp%2Fv2%2Fmedia&parent=225"}],"curies":[{"name":"wp","href":"https:\/\/api.w.org\/{rel}","templated":true}]}}