{"id":232,"date":"2016-06-05T12:45:56","date_gmt":"2016-06-05T10:45:56","guid":{"rendered":"http:\/\/rote-funken-neunkirchen.de\/?page_id=232"},"modified":"2026-01-10T16:37:11","modified_gmt":"2026-01-10T15:37:11","slug":"vorstand","status":"publish","type":"page","link":"https:\/\/rote-funken-neunkirchen.de\/?page_id=232","title":{"rendered":"Vorstand"},"content":{"rendered":"<p><span style=\"text-decoration: underline;\"><strong>Vorstand der KG Rote Funken e.V.<\/strong><\/span><\/p>\n<table style=\"border-collapse: collapse; width: 100%; height: 234px;\">\n<tbody>\n<tr style=\"height: 18px;\">\n<td style=\"width: 50%; height: 18px;\"><strong>J\u00f6rg Ruf<\/strong><\/td>\n<td style=\"width: 50%; height: 18px;\">Pr\u00e4sident<\/td>\n<\/tr>\n<tr style=\"height: 18px;\">\n<td style=\"width: 50%; height: 18px;\"><strong>Alexander H\u00fcster<\/strong><\/td>\n<td style=\"width: 50%; height: 18px;\">Vizepr\u00e4sident<\/td>\n<\/tr>\n<tr style=\"height: 18px;\">\n<td style=\"width: 50%; height: 18px;\"><strong>J\u00f6rg Ruf<\/strong><\/td>\n<td style=\"width: 50%; height: 18px;\">Schatzmeister<\/td>\n<\/tr>\n<tr style=\"height: 18px;\">\n<td style=\"width: 50%; height: 18px;\"><strong>Ulrike Schneider<\/strong><\/td>\n<td style=\"width: 50%; height: 18px;\">Schriftf\u00fchrerin<\/td>\n<\/tr>\n<tr style=\"height: 18px;\">\n<td style=\"width: 50%; height: 18px;\"><strong>Katja Kalinowski<\/strong><\/td>\n<td style=\"width: 50%; height: 18px;\">stv. Schatzmeisterin<\/td>\n<\/tr>\n<tr style=\"height: 18px;\">\n<td style=\"width: 50%; height: 18px;\"><strong>Sabrina Seyler<\/strong><\/td>\n<td style=\"width: 50%; height: 18px;\">stv. Schriftf\u00fchrerin<\/td>\n<\/tr>\n<tr style=\"height: 18px;\">\n<td style=\"width: 50%; height: 18px;\"><strong>Josh Sieren<\/strong><\/td>\n<td style=\"width: 50%; height: 18px;\">Organisationsleiter<\/td>\n<\/tr>\n<tr style=\"height: 18px;\">\n<td style=\"width: 50%; height: 18px;\"><strong>Mathias Weil<\/strong><\/td>\n<td style=\"width: 50%; height: 18px;\">stv. Organisationsleiter<\/td>\n<\/tr>\n<tr style=\"height: 18px;\">\n<td style=\"width: 50%; height: 18px;\"><strong>Michael Gerwald<\/strong><\/td>\n<td style=\"width: 50%; height: 18px;\">Ordensmeister<\/td>\n<\/tr>\n<tr style=\"height: 18px;\">\n<td style=\"width: 50%; height: 18px;\"><strong>Ines May<\/strong><\/td>\n<td style=\"width: 50%; height: 18px;\">Zeugwartin<\/td>\n<\/tr>\n<tr style=\"height: 18px;\">\n<td style=\"width: 50%; height: 18px;\"><strong>Christine Schu<\/strong><\/td>\n<td style=\"width: 50%; height: 18px;\">stv. Zeugwartin<\/td>\n<\/tr>\n<tr style=\"height: 18px;\">\n<td style=\"width: 50%; height: 18px;\"><strong>Eva-Maria Forster<\/strong><\/td>\n<td style=\"width: 50%; height: 18px;\">Pressewartin<\/td>\n<\/tr>\n<tr style=\"height: 18px;\">\n<td style=\"width: 50%; height: 18px;\"><strong>Christina Weil<\/strong><\/td>\n<td style=\"width: 50%; height: 18px;\">Beisitzerin<\/td>\n<\/tr>\n<tr>\n<td style=\"width: 50%;\"><strong>Marie-Christin Weil<\/strong><\/td>\n<td style=\"width: 50%;\">Beisitzerin und Jugendvertreterin<\/td>\n<\/tr>\n<\/tbody>\n<\/table>\n","protected":false},"excerpt":{"rendered":"<p>Vorstand der KG Rote Funken e.V. J\u00f6rg Ruf Pr\u00e4sident Alexander H\u00fcster Vizepr\u00e4sident J\u00f6rg Ruf Schatzmeister Ulrike Schneider Schriftf\u00fchrerin Katja Kalinowski stv. Schatzmeisterin Sabrina Seyler stv. Schriftf\u00fchrerin Josh Sieren Organisationsleiter Mathias Weil stv. Organisationsleiter Michael Gerwald Ordensmeister Ines May Zeugwartin Christine Schu stv. Zeugwartin Eva-Maria Forster Pressewartin Christina Weil Beisitzerin Marie-Christin Weil Beisitzerin und Jugendvertreterin<\/p>\n","protected":false},"author":1,"featured_media":0,"parent":0,"menu_order":0,"comment_status":"closed","ping_status":"closed","template":"","meta":{"footnotes":""},"_links":{"self":[{"href":"https:\/\/rote-funken-neunkirchen.de\/index.php?rest_route=\/wp\/v2\/pages\/232"}],"collection":[{"href":"https:\/\/rote-funken-neunkirchen.de\/index.php?rest_route=\/wp\/v2\/pages"}],"about":[{"href":"https:\/\/rote-funken-neunkirchen.de\/index.php?rest_route=\/wp\/v2\/types\/page"}],"author":[{"embeddable":true,"href":"https:\/\/rote-funken-neunkirchen.de\/index.php?rest_route=\/wp\/v2\/users\/1"}],"replies":[{"embeddable":true,"href":"https:\/\/rote-funken-neunkirchen.de\/index.php?rest_route=%2Fwp%2Fv2%2Fcomments&post=232"}],"version-history":[{"count":15,"href":"https:\/\/rote-funken-neunkirchen.de\/index.php?rest_route=\/wp\/v2\/pages\/232\/revisions"}],"predecessor-version":[{"id":1722,"href":"https:\/\/rote-funken-neunkirchen.de\/index.php?rest_route=\/wp\/v2\/pages\/232\/revisions\/1722"}],"wp:attachment":[{"href":"https:\/\/rote-funken-neunkirchen.de\/index.php?rest_route=%2Fwp%2Fv2%2Fmedia&parent=232"}],"curies":[{"name":"wp","href":"https:\/\/api.w.org\/{rel}","templated":true}]}}