{"id":244,"date":"2016-06-05T13:32:53","date_gmt":"2016-06-05T11:32:53","guid":{"rendered":"http:\/\/rote-funken-neunkirchen.de\/?page_id=244"},"modified":"2026-01-10T15:21:22","modified_gmt":"2026-01-10T14:21:22","slug":"senatoren","status":"publish","type":"page","link":"https:\/\/rote-funken-neunkirchen.de\/?page_id=244","title":{"rendered":"Senatoren"},"content":{"rendered":"<p style=\"text-align: center;\">Wir danken allen Senatoren herzlich f\u00fcr Ihre Unterst\u00fctzung und ihr Engagement. Sie leisten damit einen wichtigen Beitrag zum Erhalt unseres karnevalistischen Brauchtums.<\/p>\n<p style=\"text-align: center;\"><strong><span style=\"text-decoration: underline;\">Unser gesch\u00e4tzter Ehrensenator<\/span><\/strong><\/p>\n<table style=\"border-collapse: collapse; width: 100%;\">\n<tbody>\n<tr>\n<td style=\"width: 50%;\"><strong>Holger Westermann<\/strong><\/td>\n<td style=\"width: 50%;\">Steuerberaterkanzlei<br \/>\nWestermann<\/td>\n<\/tr>\n<\/tbody>\n<\/table>\n<p style=\"text-align: center;\"><span style=\"text-decoration: underline;\"><strong>Unsere gesch\u00e4tzten Senatorinnen und Senatoren<\/strong><\/span><\/p>\n<table style=\"border-collapse: collapse; width: 107.738%; height: 212px;\">\n<tbody>\n<tr style=\"height: 21px;\">\n<td style=\"width: 50%; height: 21px;\"><strong>Dieter M\u00fcller<\/strong><\/td>\n<td style=\"width: 50%; height: 21px;\">Gesch\u00e4ftsf\u00fchrer AVAG Gruppe, Augsburg<\/td>\n<\/tr>\n<tr style=\"height: 18px;\">\n<td style=\"width: 50%; height: 18px;\"><strong>Edgar Recktenwald<\/strong><\/td>\n<td style=\"width: 50%; height: 18px;\">Saar-Blankstahl GmbH, Homburg<\/td>\n<\/tr>\n<tr style=\"height: 23px;\">\n<td style=\"width: 50%; height: 23px;\"><strong>Horst Scherschel<\/strong><\/td>\n<td style=\"width: 50%; height: 23px;\">Ehrenordenstr\u00e4ger der KG Rote Funken<\/td>\n<\/tr>\n<tr style=\"height: 18px;\">\n<td style=\"width: 50%; height: 18px;\"><strong>Felix M\u00fcller<\/strong><\/td>\n<td style=\"width: 50%; height: 18px;\">Ehrenelferrat der KG Rote Funken<\/td>\n<\/tr>\n<tr style=\"height: 18px;\">\n<td style=\"width: 50%; height: 18px;\"><strong>Alfonso Licata<\/strong><\/td>\n<td style=\"width: 50%; height: 18px;\">Elferrat der KG Rote Funken<\/td>\n<\/tr>\n<tr style=\"height: 18px;\">\n<td style=\"width: 50%; height: 18px;\"><strong>J\u00f6rg Ruf<\/strong><\/td>\n<td style=\"width: 50%; height: 18px;\">Direktionsleiter TELIS FINANZ AG<\/td>\n<\/tr>\n<tr style=\"height: 36px;\">\n<td style=\"width: 50%; height: 36px;\"><strong>Christoph Bertram<\/strong><\/td>\n<td style=\"width: 50%; height: 36px;\">Linden Apotheke u. Sanicare- Die Versandapotheke<\/td>\n<\/tr>\n<tr style=\"height: 18px;\">\n<td style=\"width: 50%; height: 18px;\"><strong>Karl-Heinz Kurz<\/strong><\/td>\n<td style=\"width: 50%; height: 18px;\">Agentur f\u00fcr Arbeit<\/td>\n<\/tr>\n<tr style=\"height: 18px;\">\n<td style=\"width: 50%; height: 18px;\"><strong>Hermann-Josef Kempf \u2020<\/strong><\/td>\n<td style=\"width: 50%; height: 18px;\">Elferrat der KG Rote Funken<\/td>\n<\/tr>\n<tr style=\"height: 24px;\">\n<td style=\"width: 50%; height: 24px;\"><strong>Dipl.Ing Matthias Martin<\/strong><\/td>\n<td style=\"width: 50%; height: 24px;\">B\u00e4der und Heizung Martin<\/td>\n<\/tr>\n<\/tbody>\n<\/table>\n<table style=\"border-collapse: collapse; width: 107.143%;\">\n<tbody>\n<tr>\n<td style=\"width: 50%;\"><strong>Klaus-Ulrich Ripplinger<\/strong><\/td>\n<td style=\"width: 57.1429%;\">Gastst\u00e4tte \u201eAlt Haus-Furpach\u201c<\/td>\n<\/tr>\n<tr>\n<td style=\"width: 50%;\"><strong>J\u00f6rg Welter<\/strong><\/td>\n<td style=\"width: 57.1429%;\">Vorstandsvorsitzender der Sparkasse Neunkirchen<\/td>\n<\/tr>\n<tr>\n<td style=\"width: 50%;\"><strong>Christoph Kessler<\/strong><\/td>\n<td style=\"width: 57.1429%;\">Rechtsanwaltskanzlei Dr. Bauer &amp; Kollegen<\/td>\n<\/tr>\n<tr>\n<td style=\"width: 50%;\"><strong>Michael Wilhelm<\/strong><\/td>\n<td style=\"width: 57.1429%;\">Pfarrer, Pfarreiengemeinschaft Kaisersesch<\/td>\n<\/tr>\n<tr>\n<td style=\"width: 50%;\"><strong>Christoph Stein<\/strong><\/td>\n<td style=\"width: 57.1429%;\">Masco Europe S.\u00e1.r.l., Luxemburg<\/td>\n<\/tr>\n<tr>\n<td style=\"width: 50%;\"><strong>Carina Gerwald<\/strong><\/td>\n<td style=\"width: 57.1429%;\">Oberstudienr\u00e4tin<\/td>\n<\/tr>\n<tr>\n<td style=\"width: 50%;\"><strong>Doris Steinbach-Aumann<\/strong><\/td>\n<td style=\"width: 57.1429%;\">SPD Neunkirchen<\/td>\n<\/tr>\n<tr>\n<td style=\"width: 50%;\"><strong>Suzanne Ambos<\/strong><\/td>\n<td style=\"width: 57.1429%;\">Damenschneiderin<\/td>\n<\/tr>\n<tr>\n<td style=\"width: 50%;\"><strong>Benedikt Sch\u00e4fer<\/strong><\/td>\n<td style=\"width: 57.1429%;\"><\/td>\n<\/tr>\n<tr>\n<td style=\"width: 50%;\"><strong>Dr. Achim Stein<\/strong><\/td>\n<td style=\"width: 57.1429%;\">IT-Sicherheitsmanager Schwyzer Kantonalbank<\/td>\n<\/tr>\n<\/tbody>\n<\/table>\n<table style=\"border-collapse: collapse; width: 107.143%; height: 234px;\">\n<tbody>\n<tr style=\"height: 18px;\">\n<td style=\"width: 50%; height: 18px;\"><strong>Melanie Benz<\/strong><\/td>\n<td style=\"width: 50%; height: 18px;\">Redaktionsleiterin Sonnenklar TV<\/td>\n<\/tr>\n<tr style=\"height: 36px;\">\n<td style=\"width: 50%; height: 36px;\"><strong>Thomas Kohl<\/strong><\/td>\n<td style=\"width: 50%; height: 36px;\">IT-Projektleiter der Universit\u00e4t des Saarlandes<\/td>\n<\/tr>\n<tr style=\"height: 36px;\">\n<td style=\"width: 50%; height: 36px;\"><strong>Andreas Detemple<\/strong><\/td>\n<td style=\"width: 50%; height: 36px;\">Aufsichtsrat der KKS Krankenhaus Saarland<\/td>\n<\/tr>\n<tr style=\"height: 18px;\">\n<td style=\"width: 50%; height: 18px;\"><strong>Roland Schneider<\/strong><\/td>\n<td style=\"width: 50%; height: 18px;\">Der Party Koch Peitler GmbH<\/td>\n<\/tr>\n<tr style=\"height: 18px;\">\n<td style=\"width: 50%; height: 18px;\"><strong>Eva-Maria Forster<\/strong><\/td>\n<td style=\"width: 50%; height: 18px;\">Bankangestellte<\/td>\n<\/tr>\n<tr style=\"height: 36px;\">\n<td style=\"width: 50%; height: 36px;\"><strong>Ralf Heyser<\/strong><\/td>\n<td style=\"width: 50%; height: 36px;\">Praxis f\u00fcr Physiotherapie u. Krankengymnastik<\/td>\n<\/tr>\n<tr style=\"height: 18px;\">\n<td style=\"width: 50%; height: 18px;\"><strong>Patrick Rammo<\/strong><\/td>\n<td style=\"width: 50%; height: 18px;\">Vorstand der Sparkasse Neunkirchen<\/td>\n<\/tr>\n<tr style=\"height: 18px;\">\n<td style=\"width: 50%; height: 18px;\"><strong>Henrik Eitel<\/strong><\/td>\n<td style=\"width: 50%; height: 18px;\">Consulter<\/td>\n<\/tr>\n<tr style=\"height: 18px;\">\n<td style=\"width: 50%; height: 18px;\"><strong>Ulrike Schneider<\/strong><\/td>\n<td style=\"width: 50%; height: 18px;\">Fanfarenzug der KG Rote Funken e.V.<\/td>\n<\/tr>\n<tr style=\"height: 18px;\">\n<td style=\"width: 50%; height: 18px;\"><strong>Alexander H\u00fcster<\/strong><\/td>\n<td style=\"width: 50%; height: 18px;\">Vizepr\u00e4sident KG Rote Funken e.V.<\/td>\n<\/tr>\n<\/tbody>\n<\/table>\n<table style=\"border-collapse: collapse; width: 105.952%; height: 144px;\">\n<tbody>\n<tr style=\"height: 18px;\">\n<td style=\"width: 50%; height: 18px;\"><strong>Christopher Benkert<\/strong><\/td>\n<td style=\"width: 55.9524%; height: 18px;\">WFA Weinfachagentur Benkert GmbH<\/td>\n<\/tr>\n<tr style=\"height: 36px;\">\n<td style=\"width: 50%; height: 36px;\"><strong>Thomas Hans<\/strong><\/td>\n<td style=\"width: 55.9524%; height: 36px;\">Beigeordneter der Kreisstadt Neunkirchen<\/td>\n<\/tr>\n<tr style=\"height: 18px;\">\n<td style=\"width: 50%; height: 18px;\"><strong>J\u00f6rg M\u00fcller<\/strong><\/td>\n<td style=\"width: 55.9524%; height: 18px;\">kfm. Gebietsleiter Kaldewei GmbH<\/td>\n<\/tr>\n<tr style=\"height: 18px;\">\n<td style=\"width: 50%; height: 18px;\"><strong>Sandra Dorr<\/strong><\/td>\n<td style=\"width: 55.9524%; height: 18px;\">Dorr Design &#8211; Werbeagentur<\/td>\n<\/tr>\n<tr style=\"height: 18px;\">\n<td style=\"width: 50%; height: 18px;\"><strong>Thomas Schneider<\/strong><\/td>\n<td style=\"width: 55.9524%; height: 18px;\">Repr\u00e4sentanz f\u00fcr Deutsche Verm\u00f6gensberatung<\/td>\n<\/tr>\n<tr style=\"height: 18px;\">\n<td style=\"width: 50%; height: 18px;\"><strong>Christine Schu<\/strong><\/td>\n<td style=\"width: 55.9524%; height: 18px;\">Fanfarenzug der KG Rote Funken e.V.<\/td>\n<\/tr>\n<tr style=\"height: 18px;\">\n<td style=\"width: 50%; height: 18px;\"><strong>Eric Naumann<\/strong><\/td>\n<td style=\"width: 55.9524%; height: 18px;\">Seniorenheim Spiesen<\/td>\n<\/tr>\n<\/tbody>\n<\/table>\n<p><strong>Wir danken unserem Ehrensenator und allen Senatorinnen<\/strong><br \/>\n<strong>und Senatoren herzlich f\u00fcr ihre Unterst\u00fctzung und ihr Engagement. <\/strong><br \/>\n<strong>Sie leisten damit einen wichtigen Beitrag zum Erhalt unseres karnevalistischen Brauchtums!<\/strong><\/p>\n<p><strong>\u00a0<\/strong><\/p>\n","protected":false},"excerpt":{"rendered":"<p>Wir danken allen Senatoren herzlich f\u00fcr Ihre Unterst\u00fctzung und ihr Engagement. Sie leisten damit einen wichtigen Beitrag zum Erhalt unseres karnevalistischen Brauchtums. Unser gesch\u00e4tzter Ehrensenator Holger Westermann Steuerberaterkanzlei Westermann Unsere gesch\u00e4tzten Senatorinnen und Senatoren Dieter M\u00fcller Gesch\u00e4ftsf\u00fchrer AVAG Gruppe, Augsburg Edgar Recktenwald Saar-Blankstahl GmbH, Homburg Horst Scherschel Ehrenordenstr\u00e4ger der KG Rote Funken Felix M\u00fcller Ehrenelferrat &hellip; <a href=\"https:\/\/rote-funken-neunkirchen.de\/?page_id=244\" class=\"more-link\"><span class=\"screen-reader-text\">Senatoren<\/span> weiterlesen <span class=\"meta-nav\">&rarr;<\/span><\/a><\/p>\n","protected":false},"author":1,"featured_media":0,"parent":0,"menu_order":0,"comment_status":"closed","ping_status":"closed","template":"","meta":{"footnotes":""},"_links":{"self":[{"href":"https:\/\/rote-funken-neunkirchen.de\/index.php?rest_route=\/wp\/v2\/pages\/244"}],"collection":[{"href":"https:\/\/rote-funken-neunkirchen.de\/index.php?rest_route=\/wp\/v2\/pages"}],"about":[{"href":"https:\/\/rote-funken-neunkirchen.de\/index.php?rest_route=\/wp\/v2\/types\/page"}],"author":[{"embeddable":true,"href":"https:\/\/rote-funken-neunkirchen.de\/index.php?rest_route=\/wp\/v2\/users\/1"}],"replies":[{"embeddable":true,"href":"https:\/\/rote-funken-neunkirchen.de\/index.php?rest_route=%2Fwp%2Fv2%2Fcomments&post=244"}],"version-history":[{"count":38,"href":"https:\/\/rote-funken-neunkirchen.de\/index.php?rest_route=\/wp\/v2\/pages\/244\/revisions"}],"predecessor-version":[{"id":1692,"href":"https:\/\/rote-funken-neunkirchen.de\/index.php?rest_route=\/wp\/v2\/pages\/244\/revisions\/1692"}],"wp:attachment":[{"href":"https:\/\/rote-funken-neunkirchen.de\/index.php?rest_route=%2Fwp%2Fv2%2Fmedia&parent=244"}],"curies":[{"name":"wp","href":"https:\/\/api.w.org\/{rel}","templated":true}]}}