{"id":25,"date":"2016-01-17T17:43:43","date_gmt":"2016-01-17T16:43:43","guid":{"rendered":"http:\/\/rote-funken-neunkirchen.de\/?page_id=25"},"modified":"2022-03-06T16:24:10","modified_gmt":"2022-03-06T15:24:10","slug":"vermietung-funkenheim","status":"publish","type":"page","link":"https:\/\/rote-funken-neunkirchen.de\/?page_id=25","title":{"rendered":"Vermietung Funkenheim"},"content":{"rendered":"\n<h3 class=\"wp-block-heading\">Sofern Sie daran interessiert sind das Funkenheim zu mieten, wenden Sie sich bitte an:<\/h3>\n\n\n\n<h3 class=\"wp-block-heading\">Frau Ulrike Schneider, <em><strong>Telefon: 0171 3434818<\/strong><\/em><br>oder per Email:<\/h3>\n\n\n\n<h3 class=\"wp-block-heading\"><em><strong>vermietung@rote-funken-neunkirchen.de<\/strong><\/em><\/h3>\n\n\n\n<p>Sie suchen einen g\u00fcnstigen Veranstaltungsraum f\u00fcr private Feiern oder sonstige Veranstaltungen?<\/p>\n\n\n\n<p>Dann mieten Sie unser Funkenheim.<\/p>\n\n\n\n<figure class=\"wp-block-image size-large\"><img loading=\"lazy\" decoding=\"async\" width=\"800\" height=\"600\" src=\"https:\/\/rote-funken-neunkirchen.de\/wp-content\/uploads\/2022\/03\/Funkenheim-1-5.png\" alt=\"\" class=\"wp-image-1462\" srcset=\"https:\/\/rote-funken-neunkirchen.de\/wp-content\/uploads\/2022\/03\/Funkenheim-1-5.png 800w, https:\/\/rote-funken-neunkirchen.de\/wp-content\/uploads\/2022\/03\/Funkenheim-1-5-300x225.png 300w, https:\/\/rote-funken-neunkirchen.de\/wp-content\/uploads\/2022\/03\/Funkenheim-1-5-768x576.png 768w\" sizes=\"(max-width: 800px) 100vw, 800px\" \/><\/figure>\n\n\n\n<p>Das gem\u00fctliche Funkenheim befindet sich in der Zweibr\u00fccker Stra\u00dfe 23 in 66538 Neunkirchen und bietet Ihnen einen Gastst\u00e4ttenraum mit Theke sowie einen abtrennbaren Saal mit Tischen und Bestuhlung f\u00fcr ca. 100 Personen.\u00a0<\/p>\n\n\n\n<figure class=\"wp-block-image size-large\"><img loading=\"lazy\" decoding=\"async\" width=\"800\" height=\"600\" src=\"https:\/\/rote-funken-neunkirchen.de\/wp-content\/uploads\/2022\/03\/Funkenheim-2-4.png\" alt=\"\" class=\"wp-image-1463\" srcset=\"https:\/\/rote-funken-neunkirchen.de\/wp-content\/uploads\/2022\/03\/Funkenheim-2-4.png 800w, https:\/\/rote-funken-neunkirchen.de\/wp-content\/uploads\/2022\/03\/Funkenheim-2-4-300x225.png 300w, https:\/\/rote-funken-neunkirchen.de\/wp-content\/uploads\/2022\/03\/Funkenheim-2-4-768x576.png 768w\" sizes=\"(max-width: 800px) 100vw, 800px\" \/><\/figure>\n\n\n\n<div class=\"wp-block-group is-layout-flow wp-block-group-is-layout-flow\"><div class=\"wp-block-group__inner-container\"><\/div><\/div>\n\n\n\n<p><\/p>\n\n\n\n<div class=\"wp-block-columns is-layout-flex wp-container-core-columns-layout-1 wp-block-columns-is-layout-flex\">\n<div class=\"wp-block-column is-layout-flow wp-block-column-is-layout-flow\" style=\"flex-basis:100%\"><\/div>\n<\/div>\n\n\n\n<p><\/p>\n","protected":false},"excerpt":{"rendered":"<p>Sofern Sie daran interessiert sind das Funkenheim zu mieten, wenden Sie sich bitte an: Frau Ulrike Schneider, Telefon: 0171 3434818oder per Email: vermietung@rote-funken-neunkirchen.de Sie suchen einen g\u00fcnstigen Veranstaltungsraum f\u00fcr private Feiern oder sonstige Veranstaltungen? Dann mieten Sie unser Funkenheim. Das gem\u00fctliche Funkenheim befindet sich in der Zweibr\u00fccker Stra\u00dfe 23 in 66538 Neunkirchen und bietet Ihnen &hellip; <a href=\"https:\/\/rote-funken-neunkirchen.de\/?page_id=25\" class=\"more-link\"><span class=\"screen-reader-text\">Vermietung Funkenheim<\/span> weiterlesen <span class=\"meta-nav\">&rarr;<\/span><\/a><\/p>\n","protected":false},"author":1,"featured_media":531,"parent":0,"menu_order":0,"comment_status":"closed","ping_status":"closed","template":"","meta":{"footnotes":""},"_links":{"self":[{"href":"https:\/\/rote-funken-neunkirchen.de\/index.php?rest_route=\/wp\/v2\/pages\/25"}],"collection":[{"href":"https:\/\/rote-funken-neunkirchen.de\/index.php?rest_route=\/wp\/v2\/pages"}],"about":[{"href":"https:\/\/rote-funken-neunkirchen.de\/index.php?rest_route=\/wp\/v2\/types\/page"}],"author":[{"embeddable":true,"href":"https:\/\/rote-funken-neunkirchen.de\/index.php?rest_route=\/wp\/v2\/users\/1"}],"replies":[{"embeddable":true,"href":"https:\/\/rote-funken-neunkirchen.de\/index.php?rest_route=%2Fwp%2Fv2%2Fcomments&post=25"}],"version-history":[{"count":8,"href":"https:\/\/rote-funken-neunkirchen.de\/index.php?rest_route=\/wp\/v2\/pages\/25\/revisions"}],"predecessor-version":[{"id":1464,"href":"https:\/\/rote-funken-neunkirchen.de\/index.php?rest_route=\/wp\/v2\/pages\/25\/revisions\/1464"}],"wp:featuredmedia":[{"embeddable":true,"href":"https:\/\/rote-funken-neunkirchen.de\/index.php?rest_route=\/wp\/v2\/media\/531"}],"wp:attachment":[{"href":"https:\/\/rote-funken-neunkirchen.de\/index.php?rest_route=%2Fwp%2Fv2%2Fmedia&parent=25"}],"curies":[{"name":"wp","href":"https:\/\/api.w.org\/{rel}","templated":true}]}}