{"id":376,"date":"2016-07-23T13:42:41","date_gmt":"2016-07-23T11:42:41","guid":{"rendered":"http:\/\/rote-funken-neunkirchen.de\/?page_id=376"},"modified":"2026-01-10T16:19:42","modified_gmt":"2026-01-10T15:19:42","slug":"jugend-schautanzgruppe","status":"publish","type":"page","link":"https:\/\/rote-funken-neunkirchen.de\/?page_id=376","title":{"rendered":"Jugend-Schautanzgruppe"},"content":{"rendered":"<p>\u00a0<\/p>\n<table style=\"border-collapse: collapse; width: 100%;\">\n<tbody>\n<tr>\n<td style=\"width: 50%;\"><strong>Marie Sophie Gard<\/strong><\/td>\n<td style=\"width: 50%;\"><strong>Sara Kern<\/strong><\/td>\n<\/tr>\n<tr>\n<td style=\"width: 50%;\"><strong>Melina Grenner<\/strong><\/td>\n<td style=\"width: 50%;\"><strong>Emma M\u00fcller<\/strong><\/td>\n<\/tr>\n<tr>\n<td style=\"width: 50%;\"><strong>Leonie Ha\u00dfdenteufel<\/strong><\/td>\n<td style=\"width: 50%;\"><strong>Birka Scherer<\/strong><\/td>\n<\/tr>\n<tr>\n<td style=\"width: 50%;\"><strong>Joshua H\u00fcster<\/strong><\/td>\n<td style=\"width: 50%;\"><strong>Giuliana Vivacqua<\/strong><\/td>\n<\/tr>\n<tr>\n<td style=\"width: 50%;\"><strong>Zin Melek Igrek<\/strong><\/td>\n<td style=\"width: 50%;\"><strong>Mia Wagner<\/strong><\/td>\n<\/tr>\n<tr>\n<td style=\"width: 50%;\"><strong>Helena Kalinowski<\/strong><\/td>\n<td style=\"width: 50%;\">\u00a0<\/td>\n<\/tr>\n<\/tbody>\n<\/table>\n<p>\u00a0<\/p>\n<p>In unserer Jugend-Schautanzgruppe trainieren Kinder im Alter von 7 bis 10 Jahren unter der Leitung von von <strong>Adriana Schmitt<\/strong>, <strong>Isabella Schmitt<\/strong> und <strong>Isabell Sommer<\/strong>. Das Training findet jeden Freitag ab 16:30 Uhr in unserem Funkenheim in der Zweibr\u00fccker Stra\u00dfe 23 in Neunkirchen statt. Interessierte Kinder\/Jugendliche sind herzlich Willkommen.<\/p>\n<p>\u00a0<\/p>\n\n\n<figure class=\"wp-block-image size-large\"><img loading=\"lazy\" decoding=\"async\" width=\"1024\" height=\"644\" src=\"https:\/\/rote-funken-neunkirchen.de\/wp-content\/uploads\/2026\/01\/202511_Rotefunken_vereinsheft_148x210_BEL-101-1024x644.jpg\" alt=\"\" class=\"wp-image-1705\" srcset=\"https:\/\/rote-funken-neunkirchen.de\/wp-content\/uploads\/2026\/01\/202511_Rotefunken_vereinsheft_148x210_BEL-101-1024x644.jpg 1024w, https:\/\/rote-funken-neunkirchen.de\/wp-content\/uploads\/2026\/01\/202511_Rotefunken_vereinsheft_148x210_BEL-101-300x189.jpg 300w, https:\/\/rote-funken-neunkirchen.de\/wp-content\/uploads\/2026\/01\/202511_Rotefunken_vereinsheft_148x210_BEL-101-768x483.jpg 768w, https:\/\/rote-funken-neunkirchen.de\/wp-content\/uploads\/2026\/01\/202511_Rotefunken_vereinsheft_148x210_BEL-101.jpg 1398w\" sizes=\"(max-width: 1024px) 100vw, 1024px\" \/><\/figure>\n","protected":false},"excerpt":{"rendered":"<p>\u00a0 Marie Sophie Gard Sara Kern Melina Grenner Emma M\u00fcller Leonie Ha\u00dfdenteufel Birka Scherer Joshua H\u00fcster Giuliana Vivacqua Zin Melek Igrek Mia Wagner Helena Kalinowski \u00a0 \u00a0 In unserer Jugend-Schautanzgruppe trainieren Kinder im Alter von 7 bis 10 Jahren unter der Leitung von von Adriana Schmitt, Isabella Schmitt und Isabell Sommer. Das Training findet jeden &hellip; <a href=\"https:\/\/rote-funken-neunkirchen.de\/?page_id=376\" class=\"more-link\"><span class=\"screen-reader-text\">Jugend-Schautanzgruppe<\/span> weiterlesen <span class=\"meta-nav\">&rarr;<\/span><\/a><\/p>\n","protected":false},"author":1,"featured_media":1707,"parent":83,"menu_order":0,"comment_status":"closed","ping_status":"closed","template":"","meta":{"footnotes":""},"_links":{"self":[{"href":"https:\/\/rote-funken-neunkirchen.de\/index.php?rest_route=\/wp\/v2\/pages\/376"}],"collection":[{"href":"https:\/\/rote-funken-neunkirchen.de\/index.php?rest_route=\/wp\/v2\/pages"}],"about":[{"href":"https:\/\/rote-funken-neunkirchen.de\/index.php?rest_route=\/wp\/v2\/types\/page"}],"author":[{"embeddable":true,"href":"https:\/\/rote-funken-neunkirchen.de\/index.php?rest_route=\/wp\/v2\/users\/1"}],"replies":[{"embeddable":true,"href":"https:\/\/rote-funken-neunkirchen.de\/index.php?rest_route=%2Fwp%2Fv2%2Fcomments&post=376"}],"version-history":[{"count":17,"href":"https:\/\/rote-funken-neunkirchen.de\/index.php?rest_route=\/wp\/v2\/pages\/376\/revisions"}],"predecessor-version":[{"id":1708,"href":"https:\/\/rote-funken-neunkirchen.de\/index.php?rest_route=\/wp\/v2\/pages\/376\/revisions\/1708"}],"up":[{"embeddable":true,"href":"https:\/\/rote-funken-neunkirchen.de\/index.php?rest_route=\/wp\/v2\/pages\/83"}],"wp:featuredmedia":[{"embeddable":true,"href":"https:\/\/rote-funken-neunkirchen.de\/index.php?rest_route=\/wp\/v2\/media\/1707"}],"wp:attachment":[{"href":"https:\/\/rote-funken-neunkirchen.de\/index.php?rest_route=%2Fwp%2Fv2%2Fmedia&parent=376"}],"curies":[{"name":"wp","href":"https:\/\/api.w.org\/{rel}","templated":true}]}}