{"id":404,"date":"2016-07-23T14:33:38","date_gmt":"2016-07-23T12:33:38","guid":{"rendered":"http:\/\/rote-funken-neunkirchen.de\/?page_id=404"},"modified":"2026-01-10T16:30:54","modified_gmt":"2026-01-10T15:30:54","slug":"junioren-garde","status":"publish","type":"page","link":"https:\/\/rote-funken-neunkirchen.de\/?page_id=404","title":{"rendered":"Junioren-Garde"},"content":{"rendered":"<table style=\"border-collapse: collapse; width: 100%;\">\n<tbody>\n<tr>\n<td style=\"width: 50%;\"><strong>Marie Sophie Gard<\/strong><\/td>\n<td style=\"width: 50%;\"><strong>Sara Kern<\/strong><\/td>\n<\/tr>\n<tr>\n<td style=\"width: 50%;\"><strong>Melina Grenner<\/strong><\/td>\n<td style=\"width: 50%;\"><strong>Emma M\u00fcller<\/strong><\/td>\n<\/tr>\n<tr>\n<td style=\"width: 50%;\"><strong>Leonie Ha\u00dfdenteufel<\/strong><\/td>\n<td style=\"width: 50%;\"><strong>Birka Scherer<\/strong><\/td>\n<\/tr>\n<tr>\n<td style=\"width: 50%;\"><strong>Joshua H\u00fcster<\/strong><\/td>\n<td style=\"width: 50%;\"><strong>Giuliana Vivacqua<\/strong><\/td>\n<\/tr>\n<tr>\n<td style=\"width: 50%;\"><strong>Zin Melek Igrek<\/strong><\/td>\n<td style=\"width: 50%;\"><strong>Mia Wagner<\/strong><\/td>\n<\/tr>\n<tr>\n<td style=\"width: 50%;\"><strong>Helena Kalinowski<\/strong><\/td>\n<td style=\"width: 50%;\">\u00a0<\/td>\n<\/tr>\n<\/tbody>\n<\/table>\n<p>\u00a0<\/p>\n<p>Die Junioren-Garde unter der Leitung von <strong>Isabell Sommer<\/strong> und <strong>Isabella <\/strong><strong>Schmidt<\/strong> trainiert jeden Dienstag ab 16:30 Uhr und jeden 1. Sonntag im Monat ab 12:00 Uhr im Funkenheim in der Zweibr\u00fccker Stra\u00dfe 23 in Neunkirchen.\u00a0 Betreut werden die Jugendlichen zwischen 11 und 14 Jahren von <strong>Adriana Schmidt<\/strong>. Interessierte Jugendliche sind sehr herzlich willkommen!<\/p>\n<p>\u00a0<\/p>\n<p>\u00a0<\/p>\n\n\n<figure class=\"wp-block-image size-large\"><img loading=\"lazy\" decoding=\"async\" width=\"1024\" height=\"603\" src=\"https:\/\/rote-funken-neunkirchen.de\/wp-content\/uploads\/2026\/01\/202511_Rotefunken_vereinsheft_148x210_BEL-103-1-1024x603.jpg\" alt=\"\" class=\"wp-image-1718\" srcset=\"https:\/\/rote-funken-neunkirchen.de\/wp-content\/uploads\/2026\/01\/202511_Rotefunken_vereinsheft_148x210_BEL-103-1-1024x603.jpg 1024w, https:\/\/rote-funken-neunkirchen.de\/wp-content\/uploads\/2026\/01\/202511_Rotefunken_vereinsheft_148x210_BEL-103-1-300x177.jpg 300w, https:\/\/rote-funken-neunkirchen.de\/wp-content\/uploads\/2026\/01\/202511_Rotefunken_vereinsheft_148x210_BEL-103-1-768x453.jpg 768w, https:\/\/rote-funken-neunkirchen.de\/wp-content\/uploads\/2026\/01\/202511_Rotefunken_vereinsheft_148x210_BEL-103-1.jpg 1390w\" sizes=\"(max-width: 1024px) 100vw, 1024px\" \/><\/figure>\n","protected":false},"excerpt":{"rendered":"<p>Marie Sophie Gard Sara Kern Melina Grenner Emma M\u00fcller Leonie Ha\u00dfdenteufel Birka Scherer Joshua H\u00fcster Giuliana Vivacqua Zin Melek Igrek Mia Wagner Helena Kalinowski \u00a0 \u00a0 Die Junioren-Garde unter der Leitung von Isabell Sommer und Isabella Schmidt trainiert jeden Dienstag ab 16:30 Uhr und jeden 1. Sonntag im Monat ab 12:00 Uhr im Funkenheim in &hellip; <a href=\"https:\/\/rote-funken-neunkirchen.de\/?page_id=404\" class=\"more-link\"><span class=\"screen-reader-text\">Junioren-Garde<\/span> weiterlesen <span class=\"meta-nav\">&rarr;<\/span><\/a><\/p>\n","protected":false},"author":1,"featured_media":1720,"parent":83,"menu_order":0,"comment_status":"closed","ping_status":"closed","template":"","meta":{"footnotes":""},"_links":{"self":[{"href":"https:\/\/rote-funken-neunkirchen.de\/index.php?rest_route=\/wp\/v2\/pages\/404"}],"collection":[{"href":"https:\/\/rote-funken-neunkirchen.de\/index.php?rest_route=\/wp\/v2\/pages"}],"about":[{"href":"https:\/\/rote-funken-neunkirchen.de\/index.php?rest_route=\/wp\/v2\/types\/page"}],"author":[{"embeddable":true,"href":"https:\/\/rote-funken-neunkirchen.de\/index.php?rest_route=\/wp\/v2\/users\/1"}],"replies":[{"embeddable":true,"href":"https:\/\/rote-funken-neunkirchen.de\/index.php?rest_route=%2Fwp%2Fv2%2Fcomments&post=404"}],"version-history":[{"count":22,"href":"https:\/\/rote-funken-neunkirchen.de\/index.php?rest_route=\/wp\/v2\/pages\/404\/revisions"}],"predecessor-version":[{"id":1719,"href":"https:\/\/rote-funken-neunkirchen.de\/index.php?rest_route=\/wp\/v2\/pages\/404\/revisions\/1719"}],"up":[{"embeddable":true,"href":"https:\/\/rote-funken-neunkirchen.de\/index.php?rest_route=\/wp\/v2\/pages\/83"}],"wp:featuredmedia":[{"embeddable":true,"href":"https:\/\/rote-funken-neunkirchen.de\/index.php?rest_route=\/wp\/v2\/media\/1720"}],"wp:attachment":[{"href":"https:\/\/rote-funken-neunkirchen.de\/index.php?rest_route=%2Fwp%2Fv2%2Fmedia&parent=404"}],"curies":[{"name":"wp","href":"https:\/\/api.w.org\/{rel}","templated":true}]}}