{"id":406,"date":"2016-07-23T14:33:14","date_gmt":"2016-07-23T12:33:14","guid":{"rendered":"http:\/\/rote-funken-neunkirchen.de\/?page_id=406"},"modified":"2026-01-15T15:43:49","modified_gmt":"2026-01-15T14:43:49","slug":"junioren-schautanzgruppe","status":"publish","type":"page","link":"https:\/\/rote-funken-neunkirchen.de\/?page_id=406","title":{"rendered":"Junioren-Schautanzgruppe"},"content":{"rendered":"<table>\n<tbody>\n<tr>\n<td><strong>Marie Sophie Gard<\/strong><\/td>\n<td><strong>Sara Kern<\/strong><\/td>\n<\/tr>\n<tr>\n<td><strong>Melina Grenner<\/strong><\/td>\n<td><strong>Emma M\u00fcller<\/strong><\/td>\n<\/tr>\n<tr>\n<td><strong>Leonie Ha\u00dfdenteufel<\/strong><\/td>\n<td><strong>Birka Scherer<\/strong><\/td>\n<\/tr>\n<tr>\n<td><strong>Joshua H\u00fcster<\/strong><\/td>\n<td><strong>Giuliana Vivacqua<\/strong><\/td>\n<\/tr>\n<tr>\n<td><strong>Zin Melek Igrek<\/strong><\/td>\n<td><strong>Mia Wagner<\/strong><\/td>\n<\/tr>\n<tr>\n<td><strong>Helena Kalinowski<\/strong><\/td>\n<td><\/td>\n<\/tr>\n<\/tbody>\n<\/table>\nIn unserer Junioren-Schautanzgruppe trainieren unter der Leitung von\n<strong>Isabell Sommer<\/strong> und<strong> Isabella Schmidt<\/strong> jeden Dienstag ab 16:30 Uhr und\njeden 1. Sonntag im Monat ab 12:00 Uhr im Funkenheim in der Zweibr\u00fccker\nStra\u00dfe 23 in Neunkirchen Jugendliche zwischen 11 und 14 Jahren.\nBetreut werden sie von <strong>Adriana Schmidt<\/strong>.Interessierte Jugendliche sind\nsehr herzlich willkommen!\n\n\n<figure class=\"wp-block-image size-large\"><img loading=\"lazy\" decoding=\"async\" width=\"1024\" height=\"644\" class=\"wp-image-1705\" src=\"https:\/\/rote-funken-neunkirchen.de\/wp-content\/uploads\/2026\/01\/202511_Rotefunken_vereinsheft_148x210_BEL-101-1024x644.jpg\" alt=\"\" srcset=\"https:\/\/rote-funken-neunkirchen.de\/wp-content\/uploads\/2026\/01\/202511_Rotefunken_vereinsheft_148x210_BEL-101-1024x644.jpg 1024w, https:\/\/rote-funken-neunkirchen.de\/wp-content\/uploads\/2026\/01\/202511_Rotefunken_vereinsheft_148x210_BEL-101-300x189.jpg 300w, https:\/\/rote-funken-neunkirchen.de\/wp-content\/uploads\/2026\/01\/202511_Rotefunken_vereinsheft_148x210_BEL-101-768x483.jpg 768w, https:\/\/rote-funken-neunkirchen.de\/wp-content\/uploads\/2026\/01\/202511_Rotefunken_vereinsheft_148x210_BEL-101.jpg 1398w\" sizes=\"(max-width: 1024px) 100vw, 1024px\" \/><\/figure>\n","protected":false},"excerpt":{"rendered":"<p>Marie Sophie Gard Sara Kern Melina Grenner Emma M\u00fcller Leonie Ha\u00dfdenteufel Birka Scherer Joshua H\u00fcster Giuliana Vivacqua Zin Melek Igrek Mia Wagner Helena Kalinowski In unserer Junioren-Schautanzgruppe trainieren unter der Leitung von Isabell Sommer und Isabella Schmidt jeden Dienstag ab 16:30 Uhr und jeden 1. Sonntag im Monat ab 12:00 Uhr im Funkenheim in der &hellip; <a href=\"https:\/\/rote-funken-neunkirchen.de\/?page_id=406\" class=\"more-link\"><span class=\"screen-reader-text\">Junioren-Schautanzgruppe<\/span> weiterlesen <span class=\"meta-nav\">&rarr;<\/span><\/a><\/p>\n","protected":false},"author":1,"featured_media":1726,"parent":83,"menu_order":0,"comment_status":"closed","ping_status":"closed","template":"","meta":{"footnotes":""},"_links":{"self":[{"href":"https:\/\/rote-funken-neunkirchen.de\/index.php?rest_route=\/wp\/v2\/pages\/406"}],"collection":[{"href":"https:\/\/rote-funken-neunkirchen.de\/index.php?rest_route=\/wp\/v2\/pages"}],"about":[{"href":"https:\/\/rote-funken-neunkirchen.de\/index.php?rest_route=\/wp\/v2\/types\/page"}],"author":[{"embeddable":true,"href":"https:\/\/rote-funken-neunkirchen.de\/index.php?rest_route=\/wp\/v2\/users\/1"}],"replies":[{"embeddable":true,"href":"https:\/\/rote-funken-neunkirchen.de\/index.php?rest_route=%2Fwp%2Fv2%2Fcomments&post=406"}],"version-history":[{"count":14,"href":"https:\/\/rote-funken-neunkirchen.de\/index.php?rest_route=\/wp\/v2\/pages\/406\/revisions"}],"predecessor-version":[{"id":1725,"href":"https:\/\/rote-funken-neunkirchen.de\/index.php?rest_route=\/wp\/v2\/pages\/406\/revisions\/1725"}],"up":[{"embeddable":true,"href":"https:\/\/rote-funken-neunkirchen.de\/index.php?rest_route=\/wp\/v2\/pages\/83"}],"wp:featuredmedia":[{"embeddable":true,"href":"https:\/\/rote-funken-neunkirchen.de\/index.php?rest_route=\/wp\/v2\/media\/1726"}],"wp:attachment":[{"href":"https:\/\/rote-funken-neunkirchen.de\/index.php?rest_route=%2Fwp%2Fv2%2Fmedia&parent=406"}],"curies":[{"name":"wp","href":"https:\/\/api.w.org\/{rel}","templated":true}]}}