{"id":5,"date":"2016-01-17T17:07:27","date_gmt":"2016-01-17T16:07:27","guid":{"rendered":"http:\/\/rote-funken-neunkirchen.de\/?page_id=5"},"modified":"2024-12-10T11:17:44","modified_gmt":"2024-12-10T10:17:44","slug":"impressum","status":"publish","type":"page","link":"https:\/\/rote-funken-neunkirchen.de\/?page_id=5","title":{"rendered":"Impressum"},"content":{"rendered":"<h2>Angaben gem\u00e4\u00df \u00a7 5 TMG:<\/h2>\n<p>Karnevalsgesellschaft Rote Funken e. V.<br \/>\nZweibr\u00fccker Stra\u00dfe 23<br \/>\n66538 Neunkirchen<\/p>\n<h2>Vertreten durch:<\/h2>\n<p>Pr\u00e4sident: J\u00f6rg Ruf<\/p>\n<h2>Kontakt:<\/h2>\n<table>\n<tbody>\n<tr>\n<td>Telefon:<\/td>\n<td>(0171) 765 3423<\/td>\n<\/tr>\n<tr>\n<td>E-Mail:<\/td>\n<td>kontakt(at)rote-funken-neunkirchen.de<\/td>\n<\/tr>\n<\/tbody>\n<\/table>\n<h1 style=\"text-align: center;\"><em><strong>f\u00fcr<br \/>\n<\/strong><\/em><span style=\"background-color: #ff0000;\"><strong><span style=\"font-size: xx-large; background-color: #ff0000;\">Vermietungsanfragen,<br \/>\n<\/span><\/strong><\/span><em><strong>bitte <a href=\"http:\/\/rote-funken-neunkirchen.de\/?page_id=25\">hier (click)<br \/>\n<\/a>clicken<br \/>\n<br class=\"clear\" \/><br \/>\n<br class=\"clear\" \/><\/p>\n<p><br class=\"clear\" \/><\/strong><\/em><\/h1>\n<p>Registereintrag:<\/p>\n<p>Eintragung im Vereinsregister.<br \/>\nRegistergericht:Amtsgericht Neunkirchen<br \/>\nRegisternummer: Vereinsregister Nr.: 583<\/p>\n<h2>Verantwortlich f\u00fcr den Inhalt nach \u00a7 55 Abs. 2 RStV:<\/h2>\n<p>Pr\u00e4sident: J\u00f6rg Ruf<\/p>\n<p>Quelle: <em><a href=\"https:\/\/www.e-recht24.de\">eRecht24<\/a><\/em><\/p>\n","protected":false},"excerpt":{"rendered":"<p>Angaben gem\u00e4\u00df \u00a7 5 TMG: Karnevalsgesellschaft Rote Funken e. V. Zweibr\u00fccker Stra\u00dfe 23 66538 Neunkirchen Vertreten durch: Pr\u00e4sident: J\u00f6rg Ruf Kontakt: Telefon: (0171) 765 3423 E-Mail: kontakt(at)rote-funken-neunkirchen.de f\u00fcr Vermietungsanfragen, bitte hier (click) clicken Registereintrag: Eintragung im Vereinsregister. Registergericht:Amtsgericht Neunkirchen Registernummer: Vereinsregister Nr.: 583 Verantwortlich f\u00fcr den Inhalt nach \u00a7 55 Abs. 2 RStV: Pr\u00e4sident: J\u00f6rg &hellip; <a href=\"https:\/\/rote-funken-neunkirchen.de\/?page_id=5\" class=\"more-link\"><span class=\"screen-reader-text\">Impressum<\/span> weiterlesen <span class=\"meta-nav\">&rarr;<\/span><\/a><\/p>\n","protected":false},"author":1,"featured_media":0,"parent":0,"menu_order":0,"comment_status":"closed","ping_status":"closed","template":"","meta":{"footnotes":""},"_links":{"self":[{"href":"https:\/\/rote-funken-neunkirchen.de\/index.php?rest_route=\/wp\/v2\/pages\/5"}],"collection":[{"href":"https:\/\/rote-funken-neunkirchen.de\/index.php?rest_route=\/wp\/v2\/pages"}],"about":[{"href":"https:\/\/rote-funken-neunkirchen.de\/index.php?rest_route=\/wp\/v2\/types\/page"}],"author":[{"embeddable":true,"href":"https:\/\/rote-funken-neunkirchen.de\/index.php?rest_route=\/wp\/v2\/users\/1"}],"replies":[{"embeddable":true,"href":"https:\/\/rote-funken-neunkirchen.de\/index.php?rest_route=%2Fwp%2Fv2%2Fcomments&post=5"}],"version-history":[{"count":25,"href":"https:\/\/rote-funken-neunkirchen.de\/index.php?rest_route=\/wp\/v2\/pages\/5\/revisions"}],"predecessor-version":[{"id":1658,"href":"https:\/\/rote-funken-neunkirchen.de\/index.php?rest_route=\/wp\/v2\/pages\/5\/revisions\/1658"}],"wp:attachment":[{"href":"https:\/\/rote-funken-neunkirchen.de\/index.php?rest_route=%2Fwp%2Fv2%2Fmedia&parent=5"}],"curies":[{"name":"wp","href":"https:\/\/api.w.org\/{rel}","templated":true}]}}