{"id":83,"date":"2016-05-29T15:08:14","date_gmt":"2016-05-29T13:08:14","guid":{"rendered":"http:\/\/rote-funken-neunkirchen.de\/?page_id=83"},"modified":"2019-12-12T19:13:33","modified_gmt":"2019-12-12T18:13:33","slug":"sparten","status":"publish","type":"page","link":"https:\/\/rote-funken-neunkirchen.de\/?page_id=83","title":{"rendered":"Sparten"},"content":{"rendered":"<div style=\"text-align: center;\" align=\"left\">Die Sparten treffen sich das ganze Jahr \u00fcber, wobei Spass und Geselligkeit an erster Stelle stehen.<\/div>\n<div style=\"text-align: center;\" align=\"left\"><strong>F\u00fcr Bilder und n\u00e4here Infos bitte die einzelnen Sparten anklicken!<\/strong><\/div>\n","protected":false},"excerpt":{"rendered":"<p>Die Sparten treffen sich das ganze Jahr \u00fcber, wobei Spass und Geselligkeit an erster Stelle stehen. F\u00fcr Bilder und n\u00e4here Infos bitte die einzelnen Sparten anklicken!<\/p>\n","protected":false},"author":1,"featured_media":0,"parent":0,"menu_order":0,"comment_status":"closed","ping_status":"closed","template":"","meta":{"footnotes":""},"_links":{"self":[{"href":"https:\/\/rote-funken-neunkirchen.de\/index.php?rest_route=\/wp\/v2\/pages\/83"}],"collection":[{"href":"https:\/\/rote-funken-neunkirchen.de\/index.php?rest_route=\/wp\/v2\/pages"}],"about":[{"href":"https:\/\/rote-funken-neunkirchen.de\/index.php?rest_route=\/wp\/v2\/types\/page"}],"author":[{"embeddable":true,"href":"https:\/\/rote-funken-neunkirchen.de\/index.php?rest_route=\/wp\/v2\/users\/1"}],"replies":[{"embeddable":true,"href":"https:\/\/rote-funken-neunkirchen.de\/index.php?rest_route=%2Fwp%2Fv2%2Fcomments&post=83"}],"version-history":[{"count":2,"href":"https:\/\/rote-funken-neunkirchen.de\/index.php?rest_route=\/wp\/v2\/pages\/83\/revisions"}],"predecessor-version":[{"id":99,"href":"https:\/\/rote-funken-neunkirchen.de\/index.php?rest_route=\/wp\/v2\/pages\/83\/revisions\/99"}],"wp:attachment":[{"href":"https:\/\/rote-funken-neunkirchen.de\/index.php?rest_route=%2Fwp%2Fv2%2Fmedia&parent=83"}],"curies":[{"name":"wp","href":"https:\/\/api.w.org\/{rel}","templated":true}]}}