{"id":85,"date":"2016-05-29T15:08:25","date_gmt":"2016-05-29T13:08:25","guid":{"rendered":"http:\/\/rote-funken-neunkirchen.de\/?page_id=85"},"modified":"2026-02-12T13:51:21","modified_gmt":"2026-02-12T12:51:21","slug":"funkengardisten","status":"publish","type":"page","link":"https:\/\/rote-funken-neunkirchen.de\/?page_id=85","title":{"rendered":"Funkengardisten"},"content":{"rendered":"<table style=\"border-collapse: collapse; width: 100%;\">\n<tbody>\n<tr>\n<td style=\"width: 50%;\"><strong>Michael Gerwald<\/strong><\/td>\n<td style=\"width: 50%;\"><strong>Christoph Weber<\/strong><\/td>\n<\/tr>\n<tr>\n<td style=\"width: 50%;\"><strong>Roland Ramm<\/strong><\/td>\n<td style=\"width: 50%;\"><strong>Jonas Weber<\/strong><\/td>\n<\/tr>\n<tr>\n<td style=\"width: 50%;\"><strong>Thomas Thiel<\/strong><\/td>\n<td style=\"width: 50%;\">\u00a0<\/td>\n<\/tr>\n<tr>\n<td style=\"width: 50%;\">\u00a0<\/td>\n<td style=\"width: 50%;\">\u00a0<\/td>\n<\/tr>\n<tr>\n<td style=\"width: 50%;\"><strong>Silke Nicolay<\/strong><\/td>\n<td style=\"width: 50%;\"><strong>Gertrud Wier<\/strong><\/td>\n<\/tr>\n<tr>\n<td style=\"width: 50%;\"><strong>Finja Ramm<\/strong><\/td>\n<td style=\"width: 50%;\"><strong>Ute Wilms<\/strong><\/td>\n<\/tr>\n<tr>\n<td style=\"width: 50%;\"><strong>Manuela Stark<\/strong><\/td>\n<td style=\"width: 50%;\">\u00a0<\/td>\n<\/tr>\n<\/tbody>\n<\/table>\n<p>Die Funkengardisten- Rhythmus und Tradition! Das Korps der Funkengardisten ist weit mehr als nur eine Marschgarde &#8211; sie kn\u00fcpft an die Tradition der Neunkirchen Stadtsoldaten. Mit ihren traditionellen Uniformen in Rot-Wei\u00df, Tschakos und Blitzgewehren begeistert die Marschgarde das Publikum bei jeder Veranstaltung. Unter dem engagierten Kommando von <strong>Bettina Ramm<\/strong> trainieren unsere Jungs und M\u00e4dels einmal pro Woche sonntags um 10:00 Uhr in unserem Funkenheim in der Zweibr\u00fccker Stra\u00dfe 23 in Neunkirchen, mit viel Leidenschaft und Herzblut um die Choreografie voller Energie auf die Beine zu stellen. Die Funkengardisten sind der beste Beweis daf\u00fcr, dass Tradition und moderne Power perfekt zusammenpassen!<br \/>Ihr wollt mitmachen? Neue Gardistinnen und Gardisten sind<br \/>jederzeit herzlich Willkommen!<\/p>\n\n\n<figure class=\"wp-block-image size-large\"><img loading=\"lazy\" decoding=\"async\" width=\"1024\" height=\"546\" src=\"https:\/\/rote-funken-neunkirchen.de\/wp-content\/uploads\/2026\/01\/202511_Rotefunken_vereinsheft_148x210_BEL-121-1024x546.jpg\" alt=\"\" class=\"wp-image-1769\" srcset=\"https:\/\/rote-funken-neunkirchen.de\/wp-content\/uploads\/2026\/01\/202511_Rotefunken_vereinsheft_148x210_BEL-121-1024x546.jpg 1024w, https:\/\/rote-funken-neunkirchen.de\/wp-content\/uploads\/2026\/01\/202511_Rotefunken_vereinsheft_148x210_BEL-121-300x160.jpg 300w, https:\/\/rote-funken-neunkirchen.de\/wp-content\/uploads\/2026\/01\/202511_Rotefunken_vereinsheft_148x210_BEL-121-768x409.jpg 768w, https:\/\/rote-funken-neunkirchen.de\/wp-content\/uploads\/2026\/01\/202511_Rotefunken_vereinsheft_148x210_BEL-121.jpg 1315w\" sizes=\"(max-width: 1024px) 100vw, 1024px\" \/><\/figure>\n","protected":false},"excerpt":{"rendered":"<p>Michael Gerwald Christoph Weber Roland Ramm Jonas Weber Thomas Thiel \u00a0 \u00a0 \u00a0 Silke Nicolay Gertrud Wier Finja Ramm Ute Wilms Manuela Stark \u00a0 Die Funkengardisten- Rhythmus und Tradition! Das Korps der Funkengardisten ist weit mehr als nur eine Marschgarde &#8211; sie kn\u00fcpft an die Tradition der Neunkirchen Stadtsoldaten. Mit ihren traditionellen Uniformen in Rot-Wei\u00df, &hellip; <a href=\"https:\/\/rote-funken-neunkirchen.de\/?page_id=85\" class=\"more-link\"><span class=\"screen-reader-text\">Funkengardisten<\/span> weiterlesen <span class=\"meta-nav\">&rarr;<\/span><\/a><\/p>\n","protected":false},"author":1,"featured_media":0,"parent":83,"menu_order":0,"comment_status":"closed","ping_status":"closed","template":"","meta":{"footnotes":""},"_links":{"self":[{"href":"https:\/\/rote-funken-neunkirchen.de\/index.php?rest_route=\/wp\/v2\/pages\/85"}],"collection":[{"href":"https:\/\/rote-funken-neunkirchen.de\/index.php?rest_route=\/wp\/v2\/pages"}],"about":[{"href":"https:\/\/rote-funken-neunkirchen.de\/index.php?rest_route=\/wp\/v2\/types\/page"}],"author":[{"embeddable":true,"href":"https:\/\/rote-funken-neunkirchen.de\/index.php?rest_route=\/wp\/v2\/users\/1"}],"replies":[{"embeddable":true,"href":"https:\/\/rote-funken-neunkirchen.de\/index.php?rest_route=%2Fwp%2Fv2%2Fcomments&post=85"}],"version-history":[{"count":15,"href":"https:\/\/rote-funken-neunkirchen.de\/index.php?rest_route=\/wp\/v2\/pages\/85\/revisions"}],"predecessor-version":[{"id":1822,"href":"https:\/\/rote-funken-neunkirchen.de\/index.php?rest_route=\/wp\/v2\/pages\/85\/revisions\/1822"}],"up":[{"embeddable":true,"href":"https:\/\/rote-funken-neunkirchen.de\/index.php?rest_route=\/wp\/v2\/pages\/83"}],"wp:attachment":[{"href":"https:\/\/rote-funken-neunkirchen.de\/index.php?rest_route=%2Fwp%2Fv2%2Fmedia&parent=85"}],"curies":[{"name":"wp","href":"https:\/\/api.w.org\/{rel}","templated":true}]}}